{"id":101,"date":"2014-01-24T09:57:23","date_gmt":"2014-01-24T09:57:23","guid":{"rendered":"http:\/\/cnptm.com\/wp\/?page_id=101"},"modified":"2026-04-04T22:04:38","modified_gmt":"2026-04-04T20:04:38","slug":"definitivat","status":"publish","type":"page","link":"https:\/\/cnptm.com\/?page_id=101","title":{"rendered":"Definitivat"},"content":{"rendered":"<div class=\"bg_title\">\n<h3 class=\"headInModule\">Tematica \u0219i bibliografia pentru examenul de definitivat \u0219i pentru concursul de admitere \u00een func\u021bia de notar public pentru persoanele care au cel pu\u021bin 6 ani vechime \u00een func\u021bii de specialitate juridic\u0103<\/h3>\n<\/div>\n<div class=\"module_content\">\n<p><a href=\"https:\/\/cnptm.com\/wp-content\/uploads\/2024\/02\/TEMATICA-2024.pdf\">Tematica \u0219i bibliografia cu caracter teoretic si practic pentru examenul de definitivat \u0219i pentru concursul de admitere \u00een func\u021bia de notar public pentru persoanele care au cel pu\u021bin 6 ani vechime \u00een func\u021bii de specialitate juridic\u0103, aprobate prin Hot\u0103r\u00e2rea Consiliului Uniunii nr. 17\/25.04.2023 (anexa nr. 1) si avizul Ministerului Justi\u021biei nr. 3\/30225\/2023\/11.05.2023<\/a><\/p>\n<hr class=\" \" \/>\n<p><a href=\"https:\/\/cnptm.com\/wp-content\/uploads\/2025\/06\/2025-AVIZ-TEMATICA.pdf\">Avizul favorabil al Ministerului Justi\u021biei nr. 3\/37441\/2025\/06.06.2025 \u00een leg\u0103tura cu tematica \u0219i bibliografia cu caracter teoretic \u0219i practic pentru examenul de definitivat \u0219i pentru concursul de admitere \u00een func\u021bia de notar public pentru persoanele care au cel pu\u021bin 6 ani vechime \u00een func\u021bii de specialitate juridic\u0103, pentru anul 2025.<\/a><\/p>\n<\/div>\n<p><a href=\"https:\/\/cnptm.com\/wp-content\/uploads\/2022\/03\/2022_Regulament-definitivat_02.03.pdf\"><strong class=\"has-media-icon\">Regulament pentru organizarea si desfasurarea examenului de definitivat si a concursului de admitere in functia de notar public<\/strong><\/a><\/p>\n<p><a href=\"https:\/\/cnptm.com\/wp-content\/uploads\/2026\/01\/ANEXA-1-Ex-def.pdf\"><strong><span style=\"color: #ff0000;\">ACTE NECESARE PENTRU DOSARUL DE INSCRIERE LA EXAMEN<\/span><\/strong><\/a><\/p>\n<p><a href=\"https:\/\/cnptm.com\/wp-content\/uploads\/2026\/01\/ANEXA-14-SI-15-2026.pdf\">Anexele nr. 14 \u0219i nr. 15 \u00a0la\u00a0<i>Regulamentul pentru examenul de defini<\/i><i>tivat \u0219i la concursul de admitere \u00een func\u021bia de notar public pentru persoanele care au cel pu\u021bin 6 ani vechime \u00een func\u021bii de specialitate juridic\u0103<\/i><\/a><\/p>\n<p><a href=\"https:\/\/cnptm.com\/wp-content\/uploads\/2026\/02\/UNITATI-SANITARE-Ex-def_la-02.02.2026.pdf\"><strong>Lista unit\u0103\u021bilor sanitare \u0219i a cabinetelor psihologice acreditate, potrivit legii, cu care Camerele Notarilor Publici au \u00eencheiat protocoale de colaborare \u00een vederea eliber\u0103rii certificatelor medicale \u0219i a avizelor psihologice necesare \u00eenscrierii la examen\/concurs<\/strong><strong>.<\/strong><\/a><\/p>\n<div class=\"row-fluid\">\n<div class=\"span12 module_number_2 module_cont module_normal_padding module_text_area\">\n<div class=\"bg_title\">\n<h3><a href=\"https:\/\/cnptm.com\/wp-content\/uploads\/2026\/01\/Anunt-site-Ex-def-2026.pdf\"><strong>ANUN\u021a PRIVIND TAXA \u0218I PERIOADA DE \u00ceNSCRIERE LA EXAMENUL DE DEFINITIVAT, ORGANIZAT \u00ceN ZILELE DE 23 \u0219i 25 MARTIE 2026<\/strong><\/a><\/h3>\n<p><a href=\"https:\/\/cnptm.com\/wp-content\/uploads\/2026\/02\/Situatie-centralizata-cod-Timisoara_26022026140705.pdf\"><strong><em>Situa\u021bia centralizat\u0103 a notarilor stagiari ale c\u0103ror cereri de \u00eenscriere la examenul de definitivat care se va organiza \u00a0zilele de 23 \u0219i 25 martie 2026 au fost admise<\/em><\/strong><\/a><\/p>\n<p><a href=\"https:\/\/cnptm.com\/wp-content\/uploads\/2026\/03\/Anunt-ora-si-loc-Ex-def-2026.pdf\"><span style=\"color: #ff0000;\"><b>Anun\u021bul privind ora \u0219i locul desf\u0103\u0219ur\u0103rii examenului de definitivat, organizat \u00een zilele de 23 \u0219i 25 martie 2026<\/b><\/span><\/a><\/p>\n<p><a href=\"https:\/\/cnptm.com\/wp-content\/uploads\/2026\/03\/ANEXA-5-COD-TIMISOARA.pdf\"><strong><em>Anexa nr. 5 \u2013 Lista rezultatelor examenului de definitivat<\/em><\/strong><\/a><\/p>\n<p><a href=\"https:\/\/cnptm.com\/wp-content\/uploads\/2026\/04\/7A-cod-TIMISOARA.pdf\"><b>Anexa nr. 7A \u2013 Lista cu rezultatele contesta\u021biilor la examenul de definitivat<\/b><\/a><\/p>\n<p><a href=\"https:\/\/cnptm.com\/wp-content\/uploads\/2026\/04\/A9-cod-TIMISOARA.pdf\"><b>Anexa nr. 9 \u2013 Lista cu rezultatele finale ale examenului de definitivat<\/b><\/a><\/p>\n<p><b>Anexa nr. 30 \u2013 Lista cu rezultatele finale ale examenului de definitivat organizat de Institutul Notarial Rom\u00e2n \u00een zilele de 23 si 26 martie 2026<\/b><\/p>\n<hr \/>\n<p>*) click pe imagine pentru a vizualiza comunicatul in format electronic (.pdf)<\/p>\n<\/div>\n<\/div>\n<\/div>\n","protected":false},"excerpt":{"rendered":"<p>Tematica \u0219i bibliografia pentru examenul de definitivat \u0219i pentru concursul de admitere \u00een func\u021bia de notar public pentru persoanele care au cel pu\u021bin 6 ani vechime \u00een func\u021bii de specialitate juridic\u0103 Tematica \u0219i bibliografia cu caracter teoretic si practic pentru examenul de definitivat \u0219i pentru concursul de admitere \u00een func\u021bia de notar public pentru persoanele [&hellip;]<\/p>\n","protected":false},"author":1,"featured_media":0,"parent":0,"menu_order":0,"comment_status":"open","ping_status":"open","template":"","meta":{"footnotes":""},"_links":{"self":[{"href":"https:\/\/cnptm.com\/index.php?rest_route=\/wp\/v2\/pages\/101"}],"collection":[{"href":"https:\/\/cnptm.com\/index.php?rest_route=\/wp\/v2\/pages"}],"about":[{"href":"https:\/\/cnptm.com\/index.php?rest_route=\/wp\/v2\/types\/page"}],"author":[{"embeddable":true,"href":"https:\/\/cnptm.com\/index.php?rest_route=\/wp\/v2\/users\/1"}],"replies":[{"embeddable":true,"href":"https:\/\/cnptm.com\/index.php?rest_route=%2Fwp%2Fv2%2Fcomments&post=101"}],"version-history":[{"count":240,"href":"https:\/\/cnptm.com\/index.php?rest_route=\/wp\/v2\/pages\/101\/revisions"}],"predecessor-version":[{"id":4560,"href":"https:\/\/cnptm.com\/index.php?rest_route=\/wp\/v2\/pages\/101\/revisions\/4560"}],"wp:attachment":[{"href":"https:\/\/cnptm.com\/index.php?rest_route=%2Fwp%2Fv2%2Fmedia&parent=101"}],"curies":[{"name":"wp","href":"https:\/\/api.w.org\/{rel}","templated":true}]}}