{"id":42,"date":"2014-01-21T09:24:15","date_gmt":"2014-01-21T09:24:15","guid":{"rendered":"http:\/\/cnptm.com\/?page_id=42"},"modified":"2019-01-30T12:51:17","modified_gmt":"2019-01-30T10:51:17","slug":"marcel-bujor-crisan","status":"publish","type":"page","link":"https:\/\/cnptm.com\/?page_id=42","title":{"rendered":"Marcel Bujor CRISAN"},"content":{"rendered":"<p><em><a href=\"https:\/\/cnptm.com\/wp-content\/uploads\/2019\/01\/CRISAN.jpg\"><img loading=\"lazy\" decoding=\"async\" class=\"alignright size-full wp-image-1665\" src=\"https:\/\/cnptm.com\/wp-content\/uploads\/2019\/01\/CRISAN.jpg\" alt=\"CRISAN\" width=\"246\" height=\"276\" \/><\/a>Func\u0163ioneaz\u0103 ca notar public asociat \u00een cadrul Societ\u0103\u0163ii Profesionale Notariale VERITAS, cu sediul \u00een Arad, bd. Gen. Vasile Milea nr. 33-37, jud. Arad.<\/em><\/p>\n<p>N\u0103scut la Arad \u00een data de 8 iunie 1952.<br \/>\nAbsolvent al Facult\u0103\u0163ii de Drept din Bucure\u015fti, promo\u0163ia 1976.<br \/>\nDe la absolvirea facult\u0103\u0163ii func\u0163ioneaz\u0103 ca \u015fi consilier juridic, iar \u00eencep\u00e2nd cu luna mai 1992 func\u0163ioneaz\u0103 ca notar de stat la Notariatul de Stat Jude\u0163ean Arad, ca urmare a sus\u0163inerii examenului de notar la Ministerul Justi\u0163iei.<br \/>\nDin data de 17 noiembrie 1995 p\u00e2n\u0103 \u00een data de 08 februarie 2003 a fost ales consecutiv \u00een func\u0163ia de membru al Colegiul director al Camerei Notarilor Publici Timisoara, iar \u00eencep\u00e2nd cu data de 08 februarie 2003 \u00a0a \u00eendeplinit func\u0163ia de vicepre\u015fedinte al Colegiului director al Camerei Notarilor Publici Timisoara.<\/p>\n<p>\u00cencep\u00e2nd cu data de 19 iunie 2004 a fost ales \u00een func\u0163ia de reprezentant al Camerei Notarilor Publici Timisoara \u00een Consiliul Uniunii Nationale a Notarilor Publici din Rom\u00e2nia, func\u0163ie \u00een care a fost reales \u00een Adunarea general\u0103 din 14 iunie 2008 \u0219i, apoi, la Adunarea General\u0103 din 9 iunie 2012.<\/p>\n<p>\u00cen cadrul Adun\u0103rii generale din data de 27 mai 2017 a fost reales, pentru un nou mandat, \u00een func\u0163ia de reprezentant al Camerei Notarilor Publici Timi\u015foara \u00een Consiliul Uniunii Na\u0163ionale a Notarilor Publici din Rom\u00e2nia.<\/p>\n<p style=\"text-align: right;\">\n","protected":false},"excerpt":{"rendered":"<p>Func\u0163ioneaz\u0103 ca notar public asociat \u00een cadrul Societ\u0103\u0163ii Profesionale Notariale VERITAS, cu sediul \u00een Arad, bd. Gen. Vasile Milea nr. 33-37, jud. Arad. N\u0103scut la Arad \u00een data de 8 iunie 1952. Absolvent al Facult\u0103\u0163ii de Drept din Bucure\u015fti, promo\u0163ia 1976. De la absolvirea facult\u0103\u0163ii func\u0163ioneaz\u0103 ca \u015fi consilier juridic, iar \u00eencep\u00e2nd cu luna mai [&hellip;]<\/p>\n","protected":false},"author":1,"featured_media":0,"parent":2,"menu_order":0,"comment_status":"open","ping_status":"open","template":"","meta":{"footnotes":""},"_links":{"self":[{"href":"https:\/\/cnptm.com\/index.php?rest_route=\/wp\/v2\/pages\/42"}],"collection":[{"href":"https:\/\/cnptm.com\/index.php?rest_route=\/wp\/v2\/pages"}],"about":[{"href":"https:\/\/cnptm.com\/index.php?rest_route=\/wp\/v2\/types\/page"}],"author":[{"embeddable":true,"href":"https:\/\/cnptm.com\/index.php?rest_route=\/wp\/v2\/users\/1"}],"replies":[{"embeddable":true,"href":"https:\/\/cnptm.com\/index.php?rest_route=%2Fwp%2Fv2%2Fcomments&post=42"}],"version-history":[{"count":8,"href":"https:\/\/cnptm.com\/index.php?rest_route=\/wp\/v2\/pages\/42\/revisions"}],"predecessor-version":[{"id":1674,"href":"https:\/\/cnptm.com\/index.php?rest_route=\/wp\/v2\/pages\/42\/revisions\/1674"}],"up":[{"embeddable":true,"href":"https:\/\/cnptm.com\/index.php?rest_route=\/wp\/v2\/pages\/2"}],"wp:attachment":[{"href":"https:\/\/cnptm.com\/index.php?rest_route=%2Fwp%2Fv2%2Fmedia&parent=42"}],"curies":[{"name":"wp","href":"https:\/\/api.w.org\/{rel}","templated":true}]}}