{"id":70,"date":"2014-01-21T10:38:54","date_gmt":"2014-01-21T10:38:54","guid":{"rendered":"http:\/\/cnptm.com\/?page_id=70"},"modified":"2025-08-14T12:37:59","modified_gmt":"2025-08-14T10:37:59","slug":"audiente","status":"publish","type":"page","link":"https:\/\/cnptm.com\/?page_id=70","title":{"rendered":"SERVICIUL APOSTILA SI SUPRALEGALIZARE"},"content":{"rendered":"<p>Apostila este un certificat eliberat de autorit\u0103\u0163ile competente ale unui stat semnatar al Conven\u021biei de la Haga, pentru actele oficiale \u00eentocmite \u00een \u021bara respectiv\u0103, care urmeaz\u0103 s\u0103 fie prezentate pe teritoriul unui alt stat semnatar al Conven\u021biei.<\/p>\n<p>\u00cen Rom\u00e2nia se pot apostila doar acte emise de autorit\u0103\u0163ile rom\u00e2ne. Indiferent c\u0103 se apostileaz\u0103 o copie legalizat\u0103 notarial sau o traducere legalizat\u0103, originalul actului trebuie s\u0103 fie emis de autorit\u0103\u021bile din Rom\u00e2nia.<\/p>\n<p>\u00cencep\u00e2nd cu data de 26 noiembrie 2010, dup\u0103 intrarea \u00een vigoare a Legii nr. 202\/2010 privind unele m\u0103suri pentru accelerarea solu\u021bion\u0103rii proceselor, Camera Notarilor Publici Timi\u0219oara aplic\u0103 apostila \u0219i supralegalizarea pe acte notariale sub forma \u00eenscrisurilor autentice, cu data cert\u0103, cu legalizare de semn\u0103tur\u0103, copii legalizate ale actelor oficiale rom\u00e2ne, traduceri legalizate ale actelor oficiale rom\u00e2ne.<\/p>\n<p>Pentru lista actualizat\u0103 a statelor semnatare ale Conven\u021biei cu privire la suprimarea cerin\u021bei supralegaliz\u0103rii actelor oficiale str\u0103ine, semnat\u0103 la Haga \u00een 1961, pentru care se aplic\u0103 apostila, se poate consulta pagina oficial\u0103 de internet:\u00a0<a href=\"https:\/\/www.hcch.net\/en\/instruments\/conventions\/status-table\/?cid=41&amp;fbclid=IwAR0sVNfh8-4TdxvdVWZLyjKKD3GV82DykfXwIqjz8jIQ8zIdmSvsMv50I6A\">https:\/\/www.hcch.net\/en\/states\/hcch-members<\/a><\/p>\n<p>Supralegalizarea se aplic\u0103 pentru statele care nu sunt semnatare ale Conven\u021biei de la Haga.<\/p>\n<p>Pentru a se apostila sau supralegaliza documente emise de un birou notarial, este necesar\u0103 completarea unei cereri:<\/p>\n<p><a href=\"https:\/\/cnptm.com\/wp-content\/uploads\/2020\/05\/cerere-apostila-anexa-3.pdf\">Cerere apostila.pdf<\/a>\u00a0 \u00a0 \u00a0 \u00a0 \u00a0 \u00a0 \u00a0 \u00a0<a href=\"https:\/\/cnptm.com\/wp-content\/uploads\/2020\/05\/cerere-supralegalizare-anexa-3.pdf\">Cerere supralegalizare.pdf<\/a><\/p>\n<p>Apostilarea sau supralegalizarea actelor notariale poate fi solicitat\u0103 de titularul actului sau de orice alt de\u021bin\u0103tor al acestuia.<\/p>\n<p>\u00cen vederea aplic\u0103rii apostilei\/supralegaliz\u0103rii solicitantul se va prezenta la sediul Camerei cu urm\u0103toarele documente:<\/p>\n<ul>\n<li>cerere \u2013 tip;<\/li>\n<li>actul care urmeaz\u0103 a fi apostila\/supralegalizat;<\/li>\n<li>copie act identitate;<\/li>\n<li>taxa sau dovada achit\u0103rii taxei.<\/li>\n<\/ul>\n<p>Conform art.11(1) din Regulamentul privind metodologia de aplicare a apostilei sau supralegaliz\u0103rii de c\u0103tre Camerele Notarilor Publici pe actele notariale, \u00a0apostila\/supralegalizarea se aplic\u0103 \u00een termen de dou\u0103 zile lucr\u0103toare de la \u00eenregistrarea solicit\u0103rii.<\/p>\n<p>Taxa este de <strong>50 lei<\/strong> + TVA pentru fiecare document apostilat\/supralegalizat.<\/p>\n<p>Pentru eliberarea \u00een aceea\u0219i zi, tariful se majoreaz\u0103 cu 100% pentru fiecare document apostilat\/supralegalizat.<\/p>\n<p>Taxa se achit\u0103 <span style=\"text-decoration: underline;\">la sediul Camerei<\/span> sau \u00een contul nr. <strong>RO08 RNCB 0255 0083 2082 0001<\/strong> deschis la <strong>BCR ,<\/strong> beneficiar fiind <strong>Camera Notarilor Publici Timi\u0219oara<\/strong>, cu sediul \u00een Timi\u0219oara, str. Constantin Br\u00e2ncoveanu nr.44, jud.Timi\u0219, <strong>CIF RO7898864<\/strong>, cu men\u021biunea serviciului solicitat.<\/p>\n<h2><strong><span style=\"color: #ff0000;\">Regulament UE 1191_2016<\/span><\/strong><\/h2>\n<p>V\u0103 aducem la cuno\u0219tin\u021b\u0103 faptul c\u0103 \u00een data de 16 februarie 2019 a \u00eenceput aplicarea\u00a0<b>Regulamentului (UE) 2016\/1191 al Parlamentului European \u0219i al Consiliului din 6 iulie 2016 privind promovarea liberei circula\u021bii a cet\u0103\u021benilor prin simplificarea cerin\u021belor de prezentare a anumitor documente oficiale \u00een Uniunea European\u0103 \u0219i de modificare a Regulamentului (UE) nr. 1024\/2012<\/b>, publicat \u00een Jurnalul Oficial al Uniunii Europene, L 200, 26 iulie 2016.<\/p>\n<p>Regulamentul reglementeaz\u0103\u00a0<b>circula\u021bia \u00een manier\u0103 simplificat\u0103<\/b>\u00a0a anumitor\u00a0<b><u>documente oficiale<\/u><\/b>\u00a0eliberate de autorit\u0103\u021bile unui stat membru, care trebuie s\u0103 fie prezentate\u00a0<b>autorit\u0103\u021bilor altui stat membru.<\/b><\/p>\n<p>\u00cen ceea ce prive\u0219te actele eliberate de autorit\u0103\u021bile rom\u00e2ne, vor putea circula\u00a0<b><u>f\u0103r\u0103 apostil\u0103<\/u><\/b>\u00a0\u00een statele membre\u00a0<b>urm\u0103toarele documente<\/b>, precum \u0219i, dup\u0103 caz,\u00a0<b>copiile legalizate<\/b>\u00a0ale acestora:<\/p>\n<ul>\n<li><b>Certificatul de na\u0219tere;<\/b><\/li>\n<li><b>Certificatul de c\u0103s\u0103torie;<\/b><\/li>\n<li><b>Certificatul de deces;<\/b><\/li>\n<li><b>\u00cencheierea de certificare a faptului c\u0103 o persoan\u0103 e \u00een via\u021b\u0103;<\/b><\/li>\n<li><b>Certificatul privind domiciliul \u00eenregistrat \u00een Registrul Na\u021bional de Eviden\u021b\u0103 a Persoanelor;<\/b><\/li>\n<li><b>Documentul atest\u00e2nd absen\u021ba cazierului judiciar.<\/b><\/li>\n<\/ul>\n<ul>\n<li><a href=\"http:\/\/www.uniuneanotarilor.ro\/files\/2020\/Regulament_2016_1191_acte_oficiale.pdf\" target=\"_blank\" rel=\"noopener noreferrer\">REGULAMENTUL (UE) 2016\/1191 AL PARLAMENTULUI EUROPEAN SI AL CONSILIULUI din 6 iulie 2016 privind promovarea liberei circulatii a cetatenilor prin simplificarea cerintelor de prezentare a anumitor documente oficiale in Uniunea Europeana si de modificare a Regulamentului (UE) nr. 1024\/2012 &#8211; document in format pdf.<\/a><br \/>\nPentru format HTML\u00a0<a href=\"https:\/\/eur-lex.europa.eu\/legal-content\/RO\/TXT\/?uri=CELEX%3A32016R1191\" target=\"_blank\" rel=\"noopener noreferrer\">https:\/\/eur-lex.europa.eu\/legal-content\/RO\/TXT\/?uri=CELEX%3A32016R1191<\/a><\/li>\n<li><a href=\"http:\/\/www.uniuneanotarilor.ro\/files\/2020\/7101_3.pdf\" target=\"_blank\" rel=\"noopener noreferrer\">Informatii furnizate de Comisia Europeanasi de Statele membre cu privire la continutul Regulamentului (UE) 2016\/1191 al Parlamentului European si al Consiliului din 6 iulie 2016 privind promovarea liberei circulatii a cetatenilor prin simplificarea cerintelor de prezentare a anumitor documente oficiale in Uniunea Europeana si de modificare a Regulamentului (UE) nr. 1024\/2012 (articolul 21) Text comun<\/a><\/li>\n<li><a href=\"https:\/\/beta.e-justice.europa.eu\/561\/RO\/public_documents?init=true\" target=\"_blank\" rel=\"noopener noreferrer\">Informatii suplimentare pentru persoanele interesate pot fi obtinute accesand link-ul https:\/\/beta.e-justice.europa.eu\/561\/RO\/public_documents?init=true<\/a><\/li>\n<\/ul>\n<p>Pentru l\u0103muriri suplimentare, pute\u021bi contacta Uniunea Na\u021bional\u0103 a Notarilor Publici prin e-mail la adresa:<a href=\"mailto:regulamentul1191_2016@unnpr.ro\">regulamentul1191_2016@unnpr.ro<\/a>.<\/p>\n<p><strong><span style=\"color: #333399;\">Camera Notarilor Publici Timi\u0219oara, av\u00e2nd competen\u021b\u0103 teritorial\u0103 \u00een circumscrip\u021bia Cur\u021bii de Apel Timi\u0219oara, aplic\u0103 apostila \u0219i supralegalizeaz\u0103 acte la:<\/span><\/strong><\/p>\n<ul>\n<li><strong>sediul principal din municipiul Timi\u0219oara<\/strong>, str. Constantin Br\u00e2ncoveanu nr.44, jude\u021bul Timi\u0219<\/li>\n<\/ul>\n<p><strong><em>PROGRAMUL de lucru cu publicul<\/em>:<\/strong><\/p>\n<p><strong>luni-vineri<\/strong><\/p>\n<p><strong><span style=\"color: #0000ff;\">\u00a009:00-13:00 primire \u0219i eliberare acte;<\/span><\/strong><\/p>\n<p><span style=\"color: #ff0000;\"><strong>14:30-15:30 eliberare acte cu tarif de urgen\u021b\u0103.<\/strong><\/span><\/p>\n<p>contact: tel. 0256 496296; e-mail:\u00a0<u><a href=\"mailto:cnptimisoara@gmail.com,\">cnptimisoara@gmail.com,<\/a> <a href=\"mailto:cnptm.info@gmail.com\">cnptm.info@gmail.com<\/a><\/u><\/p>\n<ul>\n<li><strong>sediul jude\u021bean din municipiul Arad<\/strong>, str. Nicolae Titulescu nr.2, jude\u021bul Arad.<\/li>\n<\/ul>\n<p><strong><em>PROGRAMUL de lucru cu publicul<\/em>:<\/strong><\/p>\n<p><strong>luni-vineri<\/strong><\/p>\n<p><strong><span style=\"color: #0000ff;\">\u00a009:00-13:00 primire \u0219i eliberare acte;<\/span><\/strong><\/p>\n<p><span style=\"color: #ff0000;\"><strong>14:30-15:30 eliberare acte cu tarif de urgen\u021b\u0103.<\/strong><\/span><\/p>\n<p>contact: tel. 0257 231175; e-mail\u00a0cnptm.arad@gmail.com<\/p>\n<ul>\n<li><strong>sediul jude\u021bean din municipiul Re\u0219i\u021ba<\/strong>, str. Lunca Pomostului, bl.A10, sc.2, ap.2, jude\u021bul Cara\u0219-Severin.<\/li>\n<\/ul>\n<p><strong><em>PROGRAMUL de lucru cu publicul<\/em>:<\/strong><\/p>\n<p><strong>luni-vineri<\/strong><\/p>\n<p><strong><span style=\"color: #0000ff;\">\u00a009:00-13:00 primire \u0219i eliberare acte;<\/span><\/strong><\/p>\n<p><span style=\"color: #ff0000;\"><strong>14:30-15:30 eliberare acte cu tarif de urgen\u021b\u0103.<\/strong><\/span><\/p>\n<p>contact: tel. 0255 211280; e-mail\u00a0cnptm.resita@gmail.com<\/p>\n","protected":false},"excerpt":{"rendered":"<p>Apostila este un certificat eliberat de autorit\u0103\u0163ile competente ale unui stat semnatar al Conven\u021biei de la Haga, pentru actele oficiale \u00eentocmite \u00een \u021bara respectiv\u0103, care urmeaz\u0103 s\u0103 fie prezentate pe teritoriul unui alt stat semnatar al Conven\u021biei. \u00cen Rom\u00e2nia se pot apostila doar acte emise de autorit\u0103\u0163ile rom\u00e2ne. Indiferent c\u0103 se apostileaz\u0103 o copie legalizat\u0103 [&hellip;]<\/p>\n","protected":false},"author":1,"featured_media":0,"parent":0,"menu_order":0,"comment_status":"open","ping_status":"open","template":"","meta":{"footnotes":""},"_links":{"self":[{"href":"https:\/\/cnptm.com\/index.php?rest_route=\/wp\/v2\/pages\/70"}],"collection":[{"href":"https:\/\/cnptm.com\/index.php?rest_route=\/wp\/v2\/pages"}],"about":[{"href":"https:\/\/cnptm.com\/index.php?rest_route=\/wp\/v2\/types\/page"}],"author":[{"embeddable":true,"href":"https:\/\/cnptm.com\/index.php?rest_route=\/wp\/v2\/users\/1"}],"replies":[{"embeddable":true,"href":"https:\/\/cnptm.com\/index.php?rest_route=%2Fwp%2Fv2%2Fcomments&post=70"}],"version-history":[{"count":23,"href":"https:\/\/cnptm.com\/index.php?rest_route=\/wp\/v2\/pages\/70\/revisions"}],"predecessor-version":[{"id":4308,"href":"https:\/\/cnptm.com\/index.php?rest_route=\/wp\/v2\/pages\/70\/revisions\/4308"}],"wp:attachment":[{"href":"https:\/\/cnptm.com\/index.php?rest_route=%2Fwp%2Fv2%2Fmedia&parent=70"}],"curies":[{"name":"wp","href":"https:\/\/api.w.org\/{rel}","templated":true}]}}