{"id":74,"date":"2014-01-22T07:30:21","date_gmt":"2014-01-22T07:30:21","guid":{"rendered":"http:\/\/cnptm.com\/wp\/?page_id=74"},"modified":"2025-12-12T10:41:50","modified_gmt":"2025-12-12T08:41:50","slug":"arhive-notariale","status":"publish","type":"page","link":"https:\/\/cnptm.com\/?page_id=74","title":{"rendered":"Arhive notariale"},"content":{"rendered":"<h2><a href=\"https:\/\/cnptm.com\/wp-content\/uploads\/2024\/02\/2023-ARHIVE-1-OK.pdf\"><strong>LOCUL ARHIVELOR FOSTELOR NOTARIATE DE STAT PRELUATE DE LA JUDEC\u0102TORII<\/strong><\/a><\/h2>\n<h2><a href=\"https:\/\/cnptm.com\/wp-content\/uploads\/2025\/12\/2025-ARHIVE-2.pdf\"><strong>LOCUL ARHIVELOR NOTARILOR PUBLICI CARE NU MAI SUNT \u00ceN FUNC\u021aIE<\/strong><\/a><\/h2>\n<h2><a href=\"https:\/\/cnptm.com\/wp-content\/uploads\/2025\/12\/2025-ARHIVE-3.pdf\"><span style=\"text-decoration: underline;\"><strong>LOCUL ARHIVELOR NOTARILOR PUBLICI SUSPENDATI<\/strong><\/span><\/a><\/h2>\n<h2><a href=\"https:\/\/cnptm.com\/wp-content\/uploads\/2025\/12\/2025-ARHIVE-4.pdf\"><strong>Locul p\u0103str\u0103rii \u0219i gestionarul arhivelor notariale ca urmare a schimb\u0103rilor de sedii, asocierilor sau \u00eencet\u0103rilor de asocieri<\/strong><\/a><\/h2>\n\n\n<p class=\"has-text-align-left has-medium-font-size\"><a href=\"https:\/\/cnptm.com\/wp-content\/uploads\/2025\/12\/2025-ARHIVE-5.pdf\">LOCUL ARHIVELOR NOTARILOR PUBLICI CARE SI-AU SCHIMBAT SEDIUL IN ALTA CAMERA PRIN ASOCIERE SAU SCHIMBAREA DEFINITIVA A SEDIULUI BIROULUI NOTARIAL<\/a><\/p>\n","protected":false},"excerpt":{"rendered":"<p>LOCUL ARHIVELOR FOSTELOR NOTARIATE DE STAT PRELUATE DE LA JUDEC\u0102TORII LOCUL ARHIVELOR NOTARILOR PUBLICI CARE NU MAI SUNT \u00ceN FUNC\u021aIE LOCUL ARHIVELOR NOTARILOR PUBLICI SUSPENDATI Locul p\u0103str\u0103rii \u0219i gestionarul arhivelor notariale ca urmare a schimb\u0103rilor de sedii, asocierilor sau \u00eencet\u0103rilor de asocieri LOCUL ARHIVELOR NOTARILOR PUBLICI CARE SI-AU SCHIMBAT SEDIUL IN ALTA CAMERA PRIN ASOCIERE [&hellip;]<\/p>\n","protected":false},"author":1,"featured_media":0,"parent":0,"menu_order":0,"comment_status":"open","ping_status":"open","template":"","meta":{"footnotes":""},"_links":{"self":[{"href":"https:\/\/cnptm.com\/index.php?rest_route=\/wp\/v2\/pages\/74"}],"collection":[{"href":"https:\/\/cnptm.com\/index.php?rest_route=\/wp\/v2\/pages"}],"about":[{"href":"https:\/\/cnptm.com\/index.php?rest_route=\/wp\/v2\/types\/page"}],"author":[{"embeddable":true,"href":"https:\/\/cnptm.com\/index.php?rest_route=\/wp\/v2\/users\/1"}],"replies":[{"embeddable":true,"href":"https:\/\/cnptm.com\/index.php?rest_route=%2Fwp%2Fv2%2Fcomments&post=74"}],"version-history":[{"count":69,"href":"https:\/\/cnptm.com\/index.php?rest_route=\/wp\/v2\/pages\/74\/revisions"}],"predecessor-version":[{"id":4435,"href":"https:\/\/cnptm.com\/index.php?rest_route=\/wp\/v2\/pages\/74\/revisions\/4435"}],"wp:attachment":[{"href":"https:\/\/cnptm.com\/index.php?rest_route=%2Fwp%2Fv2%2Fmedia&parent=74"}],"curies":[{"name":"wp","href":"https:\/\/api.w.org\/{rel}","templated":true}]}}