{"id":97,"date":"2014-01-24T09:56:36","date_gmt":"2014-01-24T09:56:36","guid":{"rendered":"http:\/\/cnptm.com\/wp\/?page_id=97"},"modified":"2025-12-20T22:32:33","modified_gmt":"2025-12-20T20:32:33","slug":"dobandire-calitate-notari-publici","status":"publish","type":"page","link":"https:\/\/cnptm.com\/?page_id=97","title":{"rendered":"Dobandire calitate notari publici"},"content":{"rendered":"<div class=\"bg_title\">\n<h3 class=\"headInModule\"><a style=\"font-size: revert; background-color: #ffffff;\" href=\"https:\/\/cnptm.com\/wp-content\/uploads\/2024\/02\/TEMATICA-2024.pdf\">Tematica \u0219i bibliografia cu caracter teoretic si practic pentru examenul de definitivat \u0219i pentru concursul de admitere \u00een func\u021bia de notar public pentru persoanele care au cel pu\u021bin 6 ani vechime \u00een func\u021bii de specialitate juridic\u0103, aprobate prin Hot\u0103r\u00e2rea Consiliului Uniunii nr. 17\/25.04.2023 (anexa nr. 1) si avizul Ministerului Justi\u021biei nr. 3\/30225\/2023\/11.05.2023<\/a><\/h3>\n<\/div>\n<div class=\"module_content\"><hr class=\" \" \/>\n<p><a href=\"https:\/\/cnptm.com\/wp-content\/uploads\/2025\/06\/2025-AVIZ-TEMATICA.pdf\">Avizul favorabil al Ministerului Justi\u021biei nr. 3\/37441\/2025\/06.06.2025 \u00een leg\u0103tura cu tematica \u0219i bibliografia cu caracter teoretic \u0219i practic pentru examenul de definitivat \u0219i pentru concursul de admitere \u00een func\u021bia de notar public pentru persoanele care au cel pu\u021bin 6 ani vechime \u00een func\u021bii de specialitate juridic\u0103, pentru anul 2025.<\/a><\/p>\n<\/div>\n<div>\n<p><a href=\"https:\/\/cnptm.com\/wp-content\/uploads\/2022\/03\/2022_Regulament-definitivat_02.03.pdf\"><strong class=\"has-media-icon\">Regulament pentru organizarea si desfasurarea examenului de definitivat si a concursului de admitere in functia de notar public<\/strong><\/a><\/p>\n<p><a href=\"https:\/\/cnptm.com\/wp-content\/uploads\/2025\/09\/ANEXA-Nr.-14-si-nr.-15-la-Regulament-.pdf\"><span style=\"color: #ff0000;\"><strong>Anexa nr.14 la Regulament privind formularul Certificatului medical \u015fi Anexa nr.15 la Regulament privind formularul Avizului psihologic<\/strong><\/span><\/a><\/p>\n<p><a href=\"https:\/\/cnptm.com\/wp-content\/uploads\/2024\/11\/UNITATI-SANITARE-conc-ns.pdf\">Lista unit\u0103\u021bilor sanitare \u0219i a cabinetelor psihologice acreditate, potrivit legii, cu care Camerele Notarilor Publici au \u00eencheiat protocoale de colaborare \u00een vederea eliber\u0103rii certificatelor medicale \u0219i a avizelor psihologice necesare \u00eenscrierii la examen\/concurs<\/a><\/p>\n<p><a href=\"https:\/\/cnptm.com\/wp-content\/uploads\/2025\/09\/Anunt-6-ani-vechime-dec-2025.pdf\"><strong>Anun\u021bul privind data desf\u0103\u0219ur\u0103rii concursului de admitere \u00een func\u021bia de notar public \u0219i Lista posturilor vacante destinate acestuia<\/strong><\/a><\/p>\n<p><a href=\"https:\/\/cnptm.com\/wp-content\/uploads\/2025\/09\/ANEXA-NR.-1A-CONCURS-6-ANI.pdf\"><span style=\"color: #ff0000;\"><strong>CERERE DE \u00ceNSCRIERE LA CONCURSUL DE ADMITERE \u00ceN FUNC\u021aIA DE NOTAR<br \/>PUBLIC<\/strong><\/span><\/a><\/p>\n<p><strong>Anun\u021bul privind posibilitatea anonimiz\u0103rii si cererea aferent\u0103<\/strong><\/p>\n<p><a href=\"https:\/\/cnptm.com\/wp-content\/uploads\/2025\/11\/Situatie-centralizata-DE-AFISAT-Timisoara.pdf\"><strong style=\"font-size: revert; color: initial;\">SIT<\/strong><strong style=\"font-size: revert; color: initial;\">UA\u021aIA CENTRALIZAT\u0102 A CANDIDA\u021aILOR ADMISI SAU RESPINSI LA \u00ceNSCRIEREA LA CONCURSUL DE ADMITERE \u00ceN FUNC\u021aIA DE NOTAR PUBLIC, CARE SE VA ORGANIZA \u00ceN ZILELE DE 8 SI 10 DECEMBRIE 2025.<\/strong><\/a><\/p>\n<div>\n<p><a href=\"https:\/\/cnptm.com\/wp-content\/uploads\/2025\/11\/Situatie-centralizata-DE-AFISAT-Timisoara-1.pdf\"><span lang=\"RO\"><b>SITUA\u021aIA CENTRALIZAT\u0102 A CANDIDA\u021aILOR\u00a0<\/b><\/span><b><span lang=\"RO\">CARE AU PRIMIT AVIZ FAVORABIL LA \u00ceNSCRIEREA LA CONCURSUL DE ADMITERE \u00ceN FUNC\u021aIA DE NOTAR PUBLIC, CARE SE VA ORGANIZA \u00ceN ZILELE DE <strong style=\"font-size: revert; color: initial;\">8 SI 10 DECEMBRIE 2025.<\/strong>\u00a0<\/span><\/b><\/a><\/p>\n<p><a href=\"https:\/\/cnptm.com\/wp-content\/uploads\/2025\/11\/Anunt-ora-si-loc-concurs-6-ani-dec-2025.pdf\">Anun\u021b privind ora \u0219i locul desf\u0103\u0219ur\u0103rii concursului de admitere \u00een func\u021bia de notar public<\/a><\/p>\n<p><a href=\"https:\/\/cnptm.com\/wp-content\/uploads\/2025\/12\/ANEXA-5-TIMISOARA-cod.pdf\"><b>Anexa nr. 5 \u2013 Lista cuprinz\u00e2nd rezultatele concursului de admitere \u00een func\u021bia de notar public<\/b><\/a><\/p>\n<p><a href=\"https:\/\/cnptm.com\/wp-content\/uploads\/2025\/12\/ANEXA-7A-COD-TIMISOARA.pdf\"><b>Anexa nr. 7A Lista cu rezultatele contesta\u021biilor la concursul de admitere \u00een func\u021bia de notar public<\/b>\u00a0<\/a><\/p>\n<p><a href=\"https:\/\/cnptm.com\/wp-content\/uploads\/2025\/12\/ANEXA-9-COD-TIMISOARA.pdf\"><b>Anexa nr. 9 Lista cu rezultatele finale ale concursului de admitere \u00een func\u021bia de notar public<\/b><\/a><\/p>\n<\/div>\n<\/div>\n\n\n<p><\/p>\n\n\n\n<p><\/p>\n","protected":false},"excerpt":{"rendered":"<p>Tematica \u0219i bibliografia cu caracter teoretic si practic pentru examenul de definitivat \u0219i pentru concursul de admitere \u00een func\u021bia de notar public pentru persoanele care au cel pu\u021bin 6 ani vechime \u00een func\u021bii de specialitate juridic\u0103, aprobate prin Hot\u0103r\u00e2rea Consiliului Uniunii nr. 17\/25.04.2023 (anexa nr. 1) si avizul Ministerului Justi\u021biei nr. 3\/30225\/2023\/11.05.2023 Avizul favorabil al [&hellip;]<\/p>\n","protected":false},"author":1,"featured_media":0,"parent":0,"menu_order":0,"comment_status":"open","ping_status":"open","template":"","meta":{"footnotes":""},"_links":{"self":[{"href":"https:\/\/cnptm.com\/index.php?rest_route=\/wp\/v2\/pages\/97"}],"collection":[{"href":"https:\/\/cnptm.com\/index.php?rest_route=\/wp\/v2\/pages"}],"about":[{"href":"https:\/\/cnptm.com\/index.php?rest_route=\/wp\/v2\/types\/page"}],"author":[{"embeddable":true,"href":"https:\/\/cnptm.com\/index.php?rest_route=\/wp\/v2\/users\/1"}],"replies":[{"embeddable":true,"href":"https:\/\/cnptm.com\/index.php?rest_route=%2Fwp%2Fv2%2Fcomments&post=97"}],"version-history":[{"count":105,"href":"https:\/\/cnptm.com\/index.php?rest_route=\/wp\/v2\/pages\/97\/revisions"}],"predecessor-version":[{"id":4471,"href":"https:\/\/cnptm.com\/index.php?rest_route=\/wp\/v2\/pages\/97\/revisions\/4471"}],"wp:attachment":[{"href":"https:\/\/cnptm.com\/index.php?rest_route=%2Fwp%2Fv2%2Fmedia&parent=97"}],"curies":[{"name":"wp","href":"https:\/\/api.w.org\/{rel}","templated":true}]}}