{"id":99,"date":"2014-01-24T09:57:00","date_gmt":"2014-01-24T09:57:00","guid":{"rendered":"http:\/\/cnptm.com\/wp\/?page_id=99"},"modified":"2024-12-13T11:36:13","modified_gmt":"2024-12-13T09:36:13","slug":"dobandire-calitate-notari-stagiari","status":"publish","type":"page","link":"https:\/\/cnptm.com\/?page_id=99","title":{"rendered":"Dobandire calitate notari stagiari"},"content":{"rendered":"<p><a href=\"https:\/\/cnptm.com\/wp-content\/uploads\/2024\/08\/Monitorul_Oficial_Partea-I-nr-767_06.08.2024.pdf\"><b>Regulamentul pentru organizarea si desfasurarea examenului sau a concursului pentru dobandirea calitatii de notar stagiar, aprobat prin Ordinul ministrului justitiei nr. 1727\/C din 06.08.2024.<\/b><\/a><\/p>\n<p><a href=\"http:\/\/www.institutulnotarial.ro\/site\/wp-content\/uploads\/Hot-Cons-Uniunii-35_14.06.2024-si-Aviz-MJ-tematica_bibliografie.pdf\" target=\"_blank\" rel=\"noopener\"><strong>Hot\u0103r\u00e2rea Consiliului UNNPR nr. 35\/14.06.2024 privind men\u021binerea, pentru anul 2024, a tematicii \u0219i a bibliografiei pentru examenul sau concursul de dob\u00e2ndire a calit\u0103\u021bii de notar stagiar \u0219i avizul Ministerului Justi\u021biei.<\/strong><\/a><\/p>\n<p><span style=\"color: #008080;\"><strong><a href=\"https:\/\/cnptm.com\/wp-content\/uploads\/2024\/08\/ANEXELE-3-SI-4-2024.pdf\">Anexa nr.2 la Regulament privind formularul Certificatului medical \u015fi Anexa nr.3 la Regulament privind formularul Avizului psihologic<\/a><\/strong><\/span><\/p>\n<p><a href=\"https:\/\/cnptm.com\/wp-content\/uploads\/2023\/07\/TABEL-CNP-UNITATI-SANITARE-concurs-pentru-dobandirea-calitatii-de-notar-stagiar.pdf\"><strong>Lista unit\u0103\u021bilor sanitare \u0219i a cabinetelor psihologice acreditate, potrivit legii, cu care Camerele Notarilor Publici au \u00eencheiat protocoale de colaborare \u00een vederea eliber\u0103rii certificatelor medicale \u0219i a avizelor psihologice necesare \u00eenscrierii la examen\/concurs.<\/strong><\/a><\/p>\n<p><a href=\"http:\/\/www.institutulnotarial.ro\/site\/wp-content\/uploads\/List%C4%83-locuri-Concurs-not-stag-2024.pdf\" target=\"_blank\" rel=\"noopener\"><strong>Lista privind numarul de locuri destinate examenului sau concursului de dobandire a calitii de notar stagiar pentru anul 2024<\/strong><\/a><\/p>\n<p><a href=\"http:\/\/www.institutulnotarial.ro\/site\/wp-content\/uploads\/ANUNT-CONCURS-NS-noiembrie-2024.pdf\" target=\"_blank\" rel=\"noopener\"><strong>Examenul\/concursul pentru dob\u00e2ndirea calit\u0103\u021bii de notar stagiar se va organiza \u00een data de 14 noiembrie 2024.<\/strong><\/a><\/p>\n<div class=\"module_content\">\n<p><a href=\"https:\/\/cnptm.com\/wp-content\/uploads\/2024\/12\/HCU-78-11.12.2024.pdf\">HOTARAREA NR. 78\/11.12.2024 &#8211; VALIDARE CONCURS<\/a><\/p>\n<\/div>\n\n\n<p><\/p>\n","protected":false},"excerpt":{"rendered":"<p>Regulamentul pentru organizarea si desfasurarea examenului sau a concursului pentru dobandirea calitatii de notar stagiar, aprobat prin Ordinul ministrului justitiei nr. 1727\/C din 06.08.2024. Hot\u0103r\u00e2rea Consiliului UNNPR nr. 35\/14.06.2024 privind men\u021binerea, pentru anul 2024, a tematicii \u0219i a bibliografiei pentru examenul sau concursul de dob\u00e2ndire a calit\u0103\u021bii de notar stagiar \u0219i avizul Ministerului Justi\u021biei. Anexa [&hellip;]<\/p>\n","protected":false},"author":1,"featured_media":0,"parent":0,"menu_order":0,"comment_status":"open","ping_status":"open","template":"","meta":{"footnotes":""},"_links":{"self":[{"href":"https:\/\/cnptm.com\/index.php?rest_route=\/wp\/v2\/pages\/99"}],"collection":[{"href":"https:\/\/cnptm.com\/index.php?rest_route=\/wp\/v2\/pages"}],"about":[{"href":"https:\/\/cnptm.com\/index.php?rest_route=\/wp\/v2\/types\/page"}],"author":[{"embeddable":true,"href":"https:\/\/cnptm.com\/index.php?rest_route=\/wp\/v2\/users\/1"}],"replies":[{"embeddable":true,"href":"https:\/\/cnptm.com\/index.php?rest_route=%2Fwp%2Fv2%2Fcomments&post=99"}],"version-history":[{"count":289,"href":"https:\/\/cnptm.com\/index.php?rest_route=\/wp\/v2\/pages\/99\/revisions"}],"predecessor-version":[{"id":4068,"href":"https:\/\/cnptm.com\/index.php?rest_route=\/wp\/v2\/pages\/99\/revisions\/4068"}],"wp:attachment":[{"href":"https:\/\/cnptm.com\/index.php?rest_route=%2Fwp%2Fv2%2Fmedia&parent=99"}],"curies":[{"name":"wp","href":"https:\/\/api.w.org\/{rel}","templated":true}]}}